{"id":7,"date":"2020-09-03T21:14:08","date_gmt":"2020-09-03T21:14:08","guid":{"rendered":"http:\/\/rafael-wildauer.com\/?page_id=7"},"modified":"2025-12-08T09:53:39","modified_gmt":"2025-12-08T09:53:39","slug":"publications","status":"publish","type":"page","link":"https:\/\/rafael-wildauer.com\/index.php\/publications\/","title":{"rendered":"Publications"},"content":{"rendered":"\n<h3 class=\"wp-block-heading has-normal-font-size\"><mark style=\"background-color:rgba(0, 0, 0, 0)\" class=\"has-inline-color has-black-color\">articles in peer-reviewed journals<\/mark><\/h3>\n\n\n\n<p class=\"m0 has-black-color has-text-color\" style=\"font-size:15px\">Wildauer, R., Kohler, K., Aboobaker, A and Guschanski, A. (2023) <a href=\"https:\/\/doi.org\/10.1016\/j.eneco.2023.106982\"><mark style=\"background-color:rgba(0, 0, 0, 0)\" class=\"has-inline-color has-vivid-cyan-blue-color\">Energy price shocks, conflict inflation, and income distribution in a three-sector model<\/mark><\/a>, <em>Energy Economics<\/em>, Vol. 127(B).<br><br><\/p>\n\n\n\n<p class=\"m0 has-black-color has-text-color\" style=\"font-size:15px\">Wildauer, R., Kapeller, J. and Leitch, S. (2023) <a href=\"https:\/\/doi.org\/10.1016\/j.ecolecon.2023.107849\"><mark style=\"background-color:rgba(0, 0, 0, 0)\" class=\"has-inline-color has-vivid-cyan-blue-color\">Can a European wealth tax close the green investment gap?<\/mark><\/a> <em>Ecological Economics<\/em>, Vol 209.<br><br><\/p>\n\n\n\n<p class=\"m0 has-black-color has-text-color\" style=\"font-size:15px\">Tippet, B., Onaran, \u00d6. and Wildauer, R. (2022) <a href=\"https:\/\/doi.org\/10.1111\/roiw.12626\" data-type=\"URL\" data-id=\"https:\/\/doi.org\/10.1111\/roiw.12626\"><mark style=\"background-color:rgba(0, 0, 0, 0)\" class=\"has-inline-color has-vivid-cyan-blue-color\">The effect of labour&#8217;s bargaining power on wealth inequality in the UK, the USA, and France<\/mark><\/a>, <em>Review of Income and Wealth<\/em>, 1475-4991 (Online).<br><br><\/p>\n\n\n\n<p class=\"m0 has-black-color has-text-color\" style=\"font-size:15px\">Wildauer, R. and Kapeller, J. (2022) <a href=\"https:\/\/www.sciencedirect.com\/science\/article\/pii\/S0927537122000380\"><mark style=\"background-color:rgba(0, 0, 0, 0)\" class=\"has-inline-color has-vivid-cyan-blue-color\">Tracing the invisible rich: A new approach to modelling Pareto tails in survey data<\/mark><\/a>, <em>Labour Economics<\/em>, Vol. 75. Example code <a href=\"https:\/\/ars.els-cdn.com\/content\/image\/1-s2.0-S0927537122000380-mmc1.zip\"><mark style=\"background-color:rgba(0, 0, 0, 0)\" class=\"has-inline-color has-vivid-cyan-blue-color\">here<\/mark><\/a>.<br><br><\/p>\n\n\n\n<p class=\"m0 has-black-color has-text-color\" style=\"font-size:15px\">Wildauer, R. and Kapeller, J. (2021) <a href=\"https:\/\/doi.org\/10.25071\/1874-6322.40447\"><mark style=\"background-color:rgba(0, 0, 0, 0)\" class=\"has-inline-color has-vivid-cyan-blue-color\">A Comment on Fitting Pareto Tails to Complex Survey Data<\/mark><\/a>. <em>Journal of Income Distribution.<\/em> Vol. 28(3-4), https:\/\/doi.org\/10.25071\/1874-6322.40447. Preprint <a href=\"https:\/\/rafael-wildauer.com\/wp-content\/uploads\/2022\/02\/Wildauer-and-Kapeller-2021-Fitting-Pareto-Tails-to-Wealth-Survey-Data.pdf\"><mark style=\"background-color:rgba(0, 0, 0, 0)\" class=\"has-inline-color has-vivid-cyan-blue-color\">here<\/mark><\/a>.<br><br><\/p>\n\n\n\n<p class=\"m0\" style=\"font-size:15px\">L\u00f3pez Bernardo, J. and Wildauer, R.&nbsp; (2018): <a rel=\"noreferrer noopener\" href=\"https:\/\/www.ieb.es\/ww2017\/wp-content\/uploads\/2018\/02\/AE16-90-123.-LOPEZ-BERNARDO.pdf\" target=\"_blank\"><span class=\"has-inline-color has-vivid-cyan-blue-color\">A Keynesian contribution to the theory of equity yields<\/span><\/a>. <em>Aestimatio: The IEB International Journal of Finance<\/em>, (16). pp. 90-123.<br> <br> <\/p>\n\n\n\n<p class=\"m0\" style=\"font-size:15px\"> Stockhammer, E. and Wildauer, R. (2018): <a rel=\"noreferrer noopener\" href=\"https:\/\/www.nowpublishers.com\/article\/Details\/RBE-0083\" target=\"_blank\"><span class=\"has-inline-color has-vivid-cyan-blue-color\">Expenditure cascades, low interest Rates, credit deregulation or property booms? Determinants of household debt in OECD countries<\/span><\/a>. <em>Review of Behavioral Economics<\/em>, Vol 5(2), 85-121.<br><br><\/p>\n\n\n\n<p class=\"m0\" style=\"font-size:15px\">Eckerstorfer, P., Halak, J., Kapeller, J., Sch\u00fctz, B., Springholz, F. and Wildauer, R. (2016): <a rel=\"noreferrer noopener\" href=\"http:\/\/onlinelibrary.wiley.com\/doi\/10.1111\/roiw.12188\/abstract?campaign=woletoc\" target=\"_blank\"><span class=\"has-inline-color has-vivid-cyan-blue-color\">Correcting for the missing rich: An application to wealth survey data<\/span><\/a>. <em>Review of Income and Wealth<\/em>, Vol 62(4), 605-627.<br><br><\/p>\n\n\n\n<p class=\"m0\" style=\"font-size:15px\">Stockhammer, E. and Wildauer, R. (2016): <a rel=\"noreferrer noopener\" href=\"http:\/\/cje.oxfordjournals.org\/content\/early\/2015\/11\/27\/cje.bev070.full\" target=\"_blank\"><span class=\"has-inline-color has-vivid-cyan-blue-color\">Debt-driven growth? Wealth, distribution and demand in OECD countries<\/span><\/a>. <em>Cambridge Journal of Economics<\/em>, Vol 40(6), 1609-1634.<br><br><\/p>\n\n\n\n<p class=\"m0\" style=\"font-size:15px\">Wildauer, R. (2012): <a rel=\"noreferrer noopener\" href=\"http:\/\/momentum-quarterly.org\/MQV1N2\/MQV1N2-wildauer.pdf\" target=\"_blank\"><span class=\"has-inline-color has-vivid-cyan-blue-color\">How effective are central counterparties for risk reduction?<\/span><\/a> <em>Momentum Quarterly, <\/em>Vol. 1(2), 122-138.<br><br><\/p>\n\n\n\n<h3 class=\"wp-block-heading has-normal-font-size\"><mark style=\"background-color:rgba(0, 0, 0, 0)\" class=\"has-inline-color has-black-color\">other articles<\/mark><\/h3>\n\n\n\n<p class=\"m0\" style=\"font-size:15px\">Heck, I., Hornykewycz, A., Kapeller, J. and Wildauer, R. (2024) <a href=\"https:\/\/emedien.arbeiterkammer.at\/viewer\/api\/v1\/records\/AC17296950\/files\/source\/AC17296950.pdf\"><mark style=\"background-color:rgba(0, 0, 0, 0)\" class=\"has-inline-color has-vivid-cyan-blue-color\">Verm\u00f6gensverteilung in \u00d6sterreich: Eine Analyse auf Basis des HFCS 2021\/22<\/mark><\/a><mark style=\"background-color:rgba(0, 0, 0, 0)\" class=\"has-inline-color has-vivid-cyan-blue-color\">.<\/mark> <em>Materialien zu Wirtschaft und Gesellschaft, MWuG #255.<\/em><br><br><\/p>\n\n\n\n<p class=\"m0\" style=\"font-size:15px\">Tippet, B., Onaran, \u00d6. and Wildauer, R. (2024) <a href=\"https:\/\/gala.gre.ac.uk\/id\/eprint\/47322\/\"><mark style=\"background-color:rgba(0, 0, 0, 0)\" class=\"has-inline-color has-vivid-cyan-blue-color\">The case for a progressive annual wealth tax in the UK &#8211; Updated<\/mark><\/a>. <em>PEGFA Policy Brief PB31<\/em>.<br><br><\/p>\n\n\n\n<p class=\"m0\" style=\"font-size:15px\">Tippet, B. and Wildauer, R. (2024): <a href=\"https:\/\/gala.gre.ac.uk\/id\/eprint\/47247\/2\/47247_TIPPET_The_good_life_at_the_top_continued.pdf\"><mark style=\"background-color:rgba(0, 0, 0, 0)\" class=\"has-inline-color has-vivid-cyan-blue-color\">The good life at the top continued. Analysing the Sunday Times Rich List 1989-2024<\/mark><\/a>. <em>PEGFA Policy Brief<\/em>.<br><br><\/p>\n\n\n\n<p class=\"m0\" style=\"font-size:15px\">Tippet, B. and Wildauer, R. (2023): <a href=\"https:\/\/rafael-wildauer.com\/wp-content\/uploads\/2023\/05\/policy_brief_STRL_2023.pdf\"><mark style=\"background-color:rgba(0, 0, 0, 0)\" class=\"has-inline-color has-vivid-cyan-blue-color\">The good life at the top. Analysing the Sunday Times Rich List 1989-2023<\/mark><\/a>. <em>PEGFA Policy Brief #PB29-2023<\/em>.<br><br><\/p>\n\n\n\n<p class=\"m0\" style=\"font-size:15px\">Heck, I., Kapeller, J. and Wildauer, R. (2020): <a href=\"https:\/\/rafael-wildauer.com\/wp-content\/uploads\/2020\/12\/Heck-et-al.-2020-Vermogenskonzentration-in-Osterreich.pdf\" data-type=\"URL\" data-id=\"https:\/\/rafael-wildauer.com\/wp-content\/uploads\/2020\/12\/Heck-et-al.-2020-Vermogenskonzentration-in-Osterreich.pdf\" target=\"_blank\" rel=\"noreferrer noopener\"><span class=\"has-inline-color has-vivid-cyan-blue-color\">Verm\u00f6genskonzentration in \u00d6sterreich &#8211; Ein Update auf Basis des HFCS 2017<\/span><\/a>. <em>AK Wien Working Paper \/ Materialien zu Wirtschaft und Gesellschaft Nr. 206<\/em>.<br><br><\/p>\n\n\n\n<p class=\"m0\" style=\"font-size:15px\">Ferschli, B., Kapeller, J., Sch\u00fctz, B. and Wildauer, R. (2018): <a rel=\"noreferrer noopener\" href=\"http:\/\/rafael-wildauer.com\/wp-content\/uploads\/2020\/09\/Ferschli-et-al.-2018-Wieviel-bringt-die-Vermogenssteuer.pdf\" data-type=\"URL\" data-id=\"http:\/\/rafael-wildauer.com\/wp-content\/uploads\/2020\/09\/Ferschli-et-al.-2018-Wieviel-bringt-die-Vermogenssteuer.pdf\" target=\"_blank\"><span class=\"has-inline-color has-vivid-cyan-blue-color\">Wie viel bringt eine Verm\u00f6genssteuer? Neue Aufkommenssch\u00e4tzungen f\u00fcr \u00d6sterreich<\/span><\/a>. <em>Wirtschafts- und Sozialpolitische Zeitschrift, <\/em>Vol. 41(1): 145-162.<br><br><\/p>\n\n\n\n<p class=\"m0\" style=\"font-size:15px\">Ferschli, B., Kapeller, J., Sch\u00fctz, B. and Wildauer, R. (2017a): <a rel=\"noreferrer noopener\" href=\"http:\/\/rafael-wildauer.com\/wp-content\/uploads\/2020\/09\/Ferschli-et-al.-2017a-Bestande-und-Konzentration-privater-Vermogen-in-Osterreich-2014-short.pdf\" data-type=\"URL\" data-id=\"http:\/\/rafael-wildauer.com\/wp-content\/uploads\/2020\/09\/Ferschli-et-al.-2017a-Bestande-und-Konzentration-privater-Vermogen-in-Osterreich-2014-short.pdf\" target=\"_blank\"><span class=\"has-inline-color has-vivid-cyan-blue-color\">Best\u00e4nde und Konzentration privater Verm\u00f6gen in \u00d6sterreich 2014\/2015<\/span><\/a>. <em>Wirtschaft und Gesellschaft,<\/em> Vol. 43(4), 499-533.<br><br><\/p>\n\n\n\n<p class=\"m0\" style=\"font-size:15px\">Ferschli, B., Kapeller, J., Sch\u00fctz, B. and Wildauer, R. (2017b): <a rel=\"noreferrer noopener\" href=\"http:\/\/rafael-wildauer.com\/wp-content\/uploads\/2020\/09\/Ferschli-et-al.-2017b-Bestande-und-Konzentration-privater-Vermogen-in-Osterreich-2014.pdf\" target=\"_blank\"><span class=\"has-inline-color has-vivid-cyan-blue-color\">Best\u00e4nde und Konzentration Privater Verm\u00f6gen in \u00d6sterreich<\/span><\/a>. <em>AK Wien Working Paper \/ Materialien zu Wirtschaft und Gesellschaft Nr. 167<\/em>.<br><br><\/p>\n\n\n\n<p class=\"m0\" style=\"font-size:15px\">Wildauer, R. and Stockhammer, E. (2015): <a href=\"http:\/\/wug.akwien.at\/WUG_Archiv\/2015_41_4\/2015_41_4_0497.pdf\"><span class=\"has-inline-color has-vivid-cyan-blue-color\">Schuldengetriebenes Wachstum \u2013 Nachfrageeffekte von Ungleichheit, Verm\u00f6genspreisen und Haushaltsverschuldung<\/span><\/a>. <em>Wirtschaft und Gesellschaft Vol. 41(4): 497-518.<\/em><br><br><\/p>\n\n\n\n<p class=\"m0\" style=\"font-size:15px\">Eckerstorfer, P., Halak, J., Kapeller, J., Sch\u00fctz, B., Springholz, F. and Wildauer, R. (2014): <a rel=\"noreferrer noopener\" href=\"http:\/\/rafael-wildauer.com\/wp-content\/uploads\/2020\/09\/Eckerstorfer-et-al.-2014-Die-Vermogensverteilung-in-Osterreich-und-das-Aufkommenspotenzial-einer-Vermogenssteuer.pdf\" data-type=\"URL\" data-id=\"http:\/\/rafael-wildauer.com\/wp-content\/uploads\/2020\/09\/Eckerstorfer-et-al.-2014-Die-Vermogensverteilung-in-Osterreich-und-das-Aufkommenspotenzial-einer-Vermogenssteuer.pdf\" target=\"_blank\"><span class=\"has-inline-color has-vivid-cyan-blue-color\">Verm\u00f6gensverteilung in \u00d6sterreich und das Aufkommenspotential einer Verm\u00f6genssteuer<\/span><\/a>. <em>Wirtschaft und Gesellschaft Vol. 40(1): 63-81<\/em>.<br><br><\/p>\n\n\n\n<p class=\"m0\" style=\"font-size:15px\">Eckerstorfer, P., Halak, J., Kapeller, J., Sch\u00fctz, B., Springholz, F. and Wildauer, R. (2013): <a href=\"http:\/\/www.jakob-kapeller.org\/images\/pubs\/2013-Eckerstorferetal-WISO.pdf\"><span class=\"has-inline-color has-vivid-cyan-blue-color\">Reichtumsverteilung in \u00d6sterreich<\/span><\/a>. <em>Wirtschafts- und Sozialpolitische Zeitschrift, <\/em>Vol. 36(4): 36-54.<br><br><\/p>\n\n\n\n<h3 class=\"wp-block-heading has-normal-font-size\"><mark style=\"background-color:rgba(0, 0, 0, 0)\" class=\"has-inline-color has-black-color\">working papers<\/mark><\/h3>\n\n\n\n<p class=\"m0\" style=\"font-size:15px\">Wildauer, R., Heck, I. and Kapeller, J. (2023) <a href=\"https:\/\/gala.gre.ac.uk\/id\/eprint\/38597\/\" data-type=\"URL\" data-id=\"https:\/\/gala.gre.ac.uk\/id\/eprint\/38597\/\"><mark style=\"background-color:rgba(0, 0, 0, 0)\" class=\"has-inline-color has-vivid-cyan-blue-color\">Was Pareto right? Is the distribution of wealth thick-tailed?<\/mark><\/a> <em>Greenwich Papers in Political Economy<\/em>, No. 92.<br><br><\/p>\n\n\n\n<p class=\"m0\" style=\"font-size:15px\">Wildauer, R., Leitch, S. and Kapeller, J. (2021) <a href=\"https:\/\/rafael-wildauer.com\/wp-content\/uploads\/2022\/05\/WI33ED1.pdf\" data-type=\"URL\" data-id=\"https:\/\/rafael-wildauer.com\/wp-content\/uploads\/2022\/05\/WI33ED1.pdf\"><mark style=\"background-color:rgba(0, 0, 0, 0)\" class=\"has-inline-color has-vivid-cyan-blue-color\">Is a \u20ac10 Trillion European Climate Investment Initiative Fiscally Sustainable?<\/mark><\/a> <em>Greenwich Papers in Political Economy<\/em>, No. 89. (also see <a href=\"https:\/\/www.feps-europe.eu\/resources\/publications\/816-is-a-%E2%82%AC10-trillion-european-climate-investment-initiative-fiscally-sustainable.html\" data-type=\"URL\" data-id=\"https:\/\/www.feps-europe.eu\/resources\/publications\/816-is-a-%E2%82%AC10-trillion-european-climate-investment-initiative-fiscally-sustainable.html\"><mark style=\"background-color:rgba(0, 0, 0, 0)\" class=\"has-inline-color has-vivid-cyan-blue-color\">here<\/mark><\/a>)<br><br><\/p>\n\n\n\n<p class=\"m0\" style=\"font-size:15px\">Kapeller, J., Leitch, S. and Wildauer, R. (2021) <a rel=\"noreferrer noopener\" href=\"https:\/\/gala.gre.ac.uk\/id\/eprint\/31926\/\" data-type=\"URL\" data-id=\"https:\/\/gala.gre.ac.uk\/id\/eprint\/31926\/\" target=\"_blank\"><mark style=\"background-color:rgba(0, 0, 0, 0)\" class=\"has-inline-color has-vivid-cyan-blue-color\">A European wealth tax for a fair and green recovery<\/mark><\/a>. <em>Greenwich Papers in Political Economy<\/em>, No. 81. Individual country appendix <a rel=\"noreferrer noopener\" href=\"https:\/\/rafael-wildauer.com\/wp-content\/uploads\/2021\/04\/Kapeller-Leitch-and-Wildauer-2021-Online-Appendix.pdf\" data-type=\"URL\" data-id=\"https:\/\/rafael-wildauer.com\/wp-content\/uploads\/2021\/04\/Kapeller-Leitch-and-Wildauer-2021-Online-Appendix.pdf\" target=\"_blank\"><mark style=\"background-color:rgba(0, 0, 0, 0)\" class=\"has-inline-color has-vivid-cyan-blue-color\">here<\/mark><\/a>. Policy brief <a rel=\"noreferrer noopener\" href=\"https:\/\/gala.gre.ac.uk\/id\/eprint\/32134\/\" data-type=\"URL\" data-id=\"https:\/\/gala.gre.ac.uk\/id\/eprint\/32134\/\" target=\"_blank\"><mark style=\"background-color:rgba(0, 0, 0, 0)\" class=\"has-inline-color has-vivid-cyan-blue-color\">here<\/mark><\/a>.<br>(also see <a rel=\"noreferrer noopener\" href=\"https:\/\/www.feps-europe.eu\/resources\/publications\/788-a-european-wealth-tax-for-a-fair-and-green-recovery.html\" data-type=\"URL\" data-id=\"https:\/\/www.feps-europe.eu\/resources\/publications\/788-a-european-wealth-tax-for-a-fair-and-green-recovery.html\" target=\"_blank\"><mark style=\"background-color:rgba(0, 0, 0, 0)\" class=\"has-inline-color has-vivid-cyan-blue-color\">here<\/mark><\/a>)<br><br><\/p>\n\n\n\n<p class=\"m0\" style=\"font-size:15px\">Tippet, B., Onaran, \u00d6. and Wildauer, R. (2021) <a href=\"https:\/\/gala.gre.ac.uk\/id\/eprint\/31260\/\" data-type=\"URL\" data-id=\"https:\/\/gala.gre.ac.uk\/id\/eprint\/31260\/\" target=\"_blank\" rel=\"noreferrer noopener\"><span class=\"has-inline-color has-vivid-cyan-blue-color\">The determinants of wealth inequality in the UK, USA and France<\/span><\/a>. <em>Greenwich Papers in Political Economy<\/em>, No. 80.<br><br><\/p>\n\n\n\n<p class=\"m0\" style=\"font-size:15px\">Wildauer, R., Leitch, S.&nbsp; and Kapeller, J. (2020) <a rel=\"noreferrer noopener\" href=\"https:\/\/gala.gre.ac.uk\/id\/eprint\/28827\/7\/28827%20WILDAUER_How_to_Boost_the_European_Green_Deal_2020.pdf\" data-type=\"URL\" data-id=\"https:\/\/gala.gre.ac.uk\/id\/eprint\/28827\/7\/28827%20WILDAUER_How_to_Boost_the_European_Green_Deal_2020.pdf\" target=\"_blank\"><span class=\"has-inline-color has-vivid-cyan-blue-color\">How to boost the European Green Deal&#8217;s scale and ambition<\/span><\/a>. <em>Greenwich Papers in Political Economy<\/em>, No. 76.<br>(also see <a rel=\"noreferrer noopener\" href=\"https:\/\/www.feps-europe.eu\/resources\/publications\/738-how-to-boost-the-european-green-deal-s-scale-and-ambition.html\" data-type=\"URL\" data-id=\"https:\/\/www.feps-europe.eu\/resources\/publications\/738-how-to-boost-the-european-green-deal-s-scale-and-ambition.html\" target=\"_blank\"><span class=\"has-inline-color has-vivid-cyan-blue-color\">here<\/span><\/a>)<br><br><\/p>\n\n\n\n<p class=\"m0\" style=\"font-size:15px\">Wildauer, R.&nbsp; and Kapeller, J. (2019) Rank Correction: <a href=\"https:\/\/gala.gre.ac.uk\/id\/eprint\/26010\/7\/26010%20WILDAUER_Rank_Correction_New_Approach_To_Differential_Nonresponse_In_Wealth_Survey_Data_%28Draft%29_2019.pdf\"><span class=\"has-inline-color has-vivid-cyan-blue-color\">A New Approach to Differential Nonresponse in Wealth Survey Data<\/span><\/a>. <em>Greenwich Papers in Political Economy<\/em>, No. 73.<br><br><\/p>\n\n\n\n<p class=\"m0\" style=\"font-size:15px\">Stockhammer, E. and Wildauer, R. (2017): <a href=\"http:\/\/www.postkeynesian.net\/downloads\/working-papers\/PKWP1710.pdf\"><span class=\"has-inline-color has-vivid-cyan-blue-color\">Expenditure Cascades, Low Interest Rates or Property Booms? Determinants of Household Debt in OECD Countries<\/span><\/a>, <em>Post-Keynesian Economics Study Group working paper series, WP 1710<\/em>.<br><br><\/p>\n\n\n\n<p class=\"m0\" style=\"font-size:15px\">Wildauer, R. (2016): <a href=\"https:\/\/www.postkeynesian.net\/working-papers\/1608\/\"><span class=\"has-inline-color has-vivid-cyan-blue-color\">Determinants of US Household Debt: New Evidence from the SCF<\/span><\/a>, <em>Post-Keynesian Economics Study Group working paper series, WP 1608<\/em>.<br><br><\/p>\n\n\n\n<p class=\"m0\" style=\"font-size:15px\">Bohinc, F. and Wildauer, R. (2013): <a rel=\"noreferrer noopener\" href=\"http:\/\/rafael-wildauer.com\/wp-content\/uploads\/2020\/09\/Bankgeheimnis-Momentum-Bohinc-Wildauer.pdf\" data-type=\"URL\" data-id=\"http:\/\/rafael-wildauer.com\/wp-content\/uploads\/2020\/09\/Bankgeheimnis-Momentum-Bohinc-Wildauer.pdf\" target=\"_blank\"><span class=\"has-inline-color has-vivid-cyan-blue-color\">Das Bankgeheimnis in \u00d6sterreich \u2013 Bestandsaufnahme und Skizze einer Reform<\/span><\/a>. Conference paper for <a href=\"http:\/\/momentum-kongress.org\/\"><span class=\"has-inline-color has-vivid-cyan-blue-color\">Momentum Kongress<\/span><\/a>, Hallstatt, Austria, 17-20 October.<br><br><\/p>\n","protected":false},"excerpt":{"rendered":"<p>articles in peer-reviewed journals Wildauer, R., Kohler, K., Aboobaker, A and Guschanski, A. (2023) Energy price shocks, conflict inflation, and income distribution in a three-sector model, Energy Economics, Vol. 127(B). Wildauer, R., Kapeller, J. and Leitch, S. (2023) Can a European wealth tax close the green investment gap? Ecological Economics, Vol 209. Tippet, B., Onaran,&hellip; <a href=\"https:\/\/rafael-wildauer.com\/index.php\/publications\/\" class=\"more-link\">Continue reading <span class=\"screen-reader-text\">Publications<\/span><\/a><\/p>\n","protected":false},"author":1,"featured_media":0,"parent":0,"menu_order":0,"comment_status":"closed","ping_status":"closed","template":"","meta":{"footnotes":""},"class_list":["post-7","page","type-page","status-publish","hentry"],"_links":{"self":[{"href":"https:\/\/rafael-wildauer.com\/index.php\/wp-json\/wp\/v2\/pages\/7","targetHints":{"allow":["GET"]}}],"collection":[{"href":"https:\/\/rafael-wildauer.com\/index.php\/wp-json\/wp\/v2\/pages"}],"about":[{"href":"https:\/\/rafael-wildauer.com\/index.php\/wp-json\/wp\/v2\/types\/page"}],"author":[{"embeddable":true,"href":"https:\/\/rafael-wildauer.com\/index.php\/wp-json\/wp\/v2\/users\/1"}],"replies":[{"embeddable":true,"href":"https:\/\/rafael-wildauer.com\/index.php\/wp-json\/wp\/v2\/comments?post=7"}],"version-history":[{"count":100,"href":"https:\/\/rafael-wildauer.com\/index.php\/wp-json\/wp\/v2\/pages\/7\/revisions"}],"predecessor-version":[{"id":395,"href":"https:\/\/rafael-wildauer.com\/index.php\/wp-json\/wp\/v2\/pages\/7\/revisions\/395"}],"wp:attachment":[{"href":"https:\/\/rafael-wildauer.com\/index.php\/wp-json\/wp\/v2\/media?parent=7"}],"curies":[{"name":"wp","href":"https:\/\/api.w.org\/{rel}","templated":true}]}}